{"id":1020,"date":"2025-11-04T10:36:54","date_gmt":"2025-11-04T10:36:54","guid":{"rendered":"https:\/\/tresorsdanna.com\/?post_type=product&#038;p=1020"},"modified":"2025-11-14T14:15:32","modified_gmt":"2025-11-14T14:15:32","slug":"lot-3-t-shirts-lefties-blanc-rouille-marine-12-18-mois","status":"publish","type":"product","link":"https:\/\/tresorsdanna.com\/index.php\/produit\/lot-3-t-shirts-lefties-blanc-rouille-marine-12-18-mois\/","title":{"rendered":"Lot 3 T-shirts- Lefties-12 \/ 18 Mois"},"content":{"rendered":"<p>Ensemble de 3 T-shirts Lefties \u00e0 manches longues\u00a0 en coton doux; Confortables et couleurs facile \u00e0 assortir.<\/p>\n<p>Un gris \u00e0 motifs, 1 moutarde uni, 1 beige \u00e0 pois moutarde<\/p>\n<p>Des basiques qui restent styl\u00e9s pour habiller b\u00e9b\u00e9 au quotidien<\/p>\n<p>Composition: 50% Coton; 50% polyester<\/p>\n<p>&nbsp;<\/p>\n","protected":false},"excerpt":{"rendered":"<p>Lot 3 T-shirt \u00e0 manches longues\u00a0 en coton doux- Confortables et couleurs facile \u00e0 assortir. Un lot id\u00e9al pour le quotidien des tout-petits. 12 \/ 18 mois<\/p>\n","protected":false},"featured_media":1026,"comment_status":"open","ping_status":"closed","template":"","meta":[],"product_brand":[],"product_cat":[38],"product_tag":[],"class_list":{"0":"post-1020","1":"product","2":"type-product","3":"status-publish","4":"has-post-thumbnail","6":"product_cat-haut-filles","8":"first","9":"instock","10":"shipping-taxable","11":"purchasable","12":"product-type-simple"},"jetpack_sharing_enabled":true,"_links":{"self":[{"href":"https:\/\/tresorsdanna.com\/index.php\/wp-json\/wp\/v2\/product\/1020","targetHints":{"allow":["GET"]}}],"collection":[{"href":"https:\/\/tresorsdanna.com\/index.php\/wp-json\/wp\/v2\/product"}],"about":[{"href":"https:\/\/tresorsdanna.com\/index.php\/wp-json\/wp\/v2\/types\/product"}],"replies":[{"embeddable":true,"href":"https:\/\/tresorsdanna.com\/index.php\/wp-json\/wp\/v2\/comments?post=1020"}],"wp:featuredmedia":[{"embeddable":true,"href":"https:\/\/tresorsdanna.com\/index.php\/wp-json\/wp\/v2\/media\/1026"}],"wp:attachment":[{"href":"https:\/\/tresorsdanna.com\/index.php\/wp-json\/wp\/v2\/media?parent=1020"}],"wp:term":[{"taxonomy":"product_brand","embeddable":true,"href":"https:\/\/tresorsdanna.com\/index.php\/wp-json\/wp\/v2\/product_brand?post=1020"},{"taxonomy":"product_cat","embeddable":true,"href":"https:\/\/tresorsdanna.com\/index.php\/wp-json\/wp\/v2\/product_cat?post=1020"},{"taxonomy":"product_tag","embeddable":true,"href":"https:\/\/tresorsdanna.com\/index.php\/wp-json\/wp\/v2\/product_tag?post=1020"}],"curies":[{"name":"wp","href":"https:\/\/api.w.org\/{rel}","templated":true}]}}