{"id":1000,"date":"2025-11-03T20:57:45","date_gmt":"2025-11-03T20:57:45","guid":{"rendered":"https:\/\/tresorsdanna.com\/?post_type=product&#038;p=1000"},"modified":"2025-11-14T14:18:58","modified_gmt":"2025-11-14T14:18:58","slug":"bolero-bleu-ciel-neck-neck-12-18-mois","status":"publish","type":"product","link":"https:\/\/tresorsdanna.com\/index.php\/produit\/bolero-bleu-ciel-neck-neck-12-18-mois\/","title":{"rendered":"Bol\u00e9ro- bleu ciel- Neck &#038; Neck- 12 \/ 18 Mois"},"content":{"rendered":"<p>Petit bol\u00e9ro en maille douce bleu ciel, boutonn\u00e9 devant; agr\u00e9able et chaud. Fermeture par boutons devant. Taille 12 \/ 18 mois<\/p>\n<p>composition: 85 % coton; 15%% laine<\/p>\n","protected":false},"excerpt":{"rendered":"<p>Petit bol\u00e9ro en maille douce bleu ciel, boutonn\u00e9 devant; agr\u00e9able et chaud<\/p>\n<p>composition: 39% Coton; 61% viscos<\/p>\n","protected":false},"featured_media":1001,"comment_status":"open","ping_status":"closed","template":"","meta":[],"product_brand":[],"product_cat":[36],"product_tag":[],"class_list":{"0":"post-1000","1":"product","2":"type-product","3":"status-publish","4":"has-post-thumbnail","6":"product_cat-doudounes-vestes-gilets","8":"first","9":"instock","10":"shipping-taxable","11":"purchasable","12":"product-type-simple"},"jetpack_sharing_enabled":true,"_links":{"self":[{"href":"https:\/\/tresorsdanna.com\/index.php\/wp-json\/wp\/v2\/product\/1000","targetHints":{"allow":["GET"]}}],"collection":[{"href":"https:\/\/tresorsdanna.com\/index.php\/wp-json\/wp\/v2\/product"}],"about":[{"href":"https:\/\/tresorsdanna.com\/index.php\/wp-json\/wp\/v2\/types\/product"}],"replies":[{"embeddable":true,"href":"https:\/\/tresorsdanna.com\/index.php\/wp-json\/wp\/v2\/comments?post=1000"}],"wp:featuredmedia":[{"embeddable":true,"href":"https:\/\/tresorsdanna.com\/index.php\/wp-json\/wp\/v2\/media\/1001"}],"wp:attachment":[{"href":"https:\/\/tresorsdanna.com\/index.php\/wp-json\/wp\/v2\/media?parent=1000"}],"wp:term":[{"taxonomy":"product_brand","embeddable":true,"href":"https:\/\/tresorsdanna.com\/index.php\/wp-json\/wp\/v2\/product_brand?post=1000"},{"taxonomy":"product_cat","embeddable":true,"href":"https:\/\/tresorsdanna.com\/index.php\/wp-json\/wp\/v2\/product_cat?post=1000"},{"taxonomy":"product_tag","embeddable":true,"href":"https:\/\/tresorsdanna.com\/index.php\/wp-json\/wp\/v2\/product_tag?post=1000"}],"curies":[{"name":"wp","href":"https:\/\/api.w.org\/{rel}","templated":true}]}}