{"id":121,"date":"2025-09-25T08:37:32","date_gmt":"2025-09-25T08:37:32","guid":{"rendered":"https:\/\/tresorsdanna.com\/?page_id=121"},"modified":"2025-11-21T15:17:00","modified_gmt":"2025-11-21T15:17:00","slug":"__trashed-3__trashed","status":"publish","type":"page","link":"https:\/\/tresorsdanna.com\/index.php\/__trashed-3__trashed\/","title":{"rendered":"Accueil"},"content":{"rendered":"<div class=\"wp-block-site-logo\"><a href=\"https:\/\/tresorsdanna.com\/\" class=\"custom-logo-link\" rel=\"home\"><img decoding=\"async\" width=\"189\" height=\"189\" src=\"https:\/\/tresorsdanna.com\/wp-content\/uploads\/2025\/09\/file_000000003bf461f591901bc7a0c8201f-1.png\" class=\"custom-logo\" alt=\"Tr\u00e9sors d&#039;Anna Boutique\" srcset=\"https:\/\/tresorsdanna.com\/wp-content\/uploads\/2025\/09\/file_000000003bf461f591901bc7a0c8201f-1.png 1024w, https:\/\/tresorsdanna.com\/wp-content\/uploads\/2025\/09\/file_000000003bf461f591901bc7a0c8201f-1-300x300.png 300w, https:\/\/tresorsdanna.com\/wp-content\/uploads\/2025\/09\/file_000000003bf461f591901bc7a0c8201f-1-150x150.png 150w, https:\/\/tresorsdanna.com\/wp-content\/uploads\/2025\/09\/file_000000003bf461f591901bc7a0c8201f-1-768x768.png 768w, https:\/\/tresorsdanna.com\/wp-content\/uploads\/2025\/09\/file_000000003bf461f591901bc7a0c8201f-1-600x600.png 600w, https:\/\/tresorsdanna.com\/wp-content\/uploads\/2025\/09\/file_000000003bf461f591901bc7a0c8201f-1-100x100.png 100w\" sizes=\"(max-width: 189px) 100vw, 189px\" \/><\/a><\/div>\n\n\n<p><strong>D\u00e9couvrez notre s\u00e9lection de v\u00eatements et accessoires pour enfants de 0 \u00e0 14 ans soigneusement s\u00e9lectionnes pour leur qualit\u00e9, confort et style <\/strong><\/p>\n\n\n<nav class=\"is-responsive wp-block-navigation is-layout-flex wp-block-navigation-is-layout-flex\" aria-label=\"Menu\" \n\t\t data-wp-interactive=\"core\/navigation\" data-wp-context='{\"overlayOpenedBy\":{\"click\":false,\"hover\":false,\"focus\":false},\"type\":\"overlay\",\"roleAttribute\":\"\",\"ariaLabel\":\"Menu\"}'><button aria-haspopup=\"dialog\" aria-label=\"Ouvrir le menu\" class=\"wp-block-navigation__responsive-container-open\" \n\t\t\t\tdata-wp-on--click=\"actions.openMenuOnClick\"\n\t\t\t\tdata-wp-on--keydown=\"actions.handleMenuKeydown\"\n\t\t\t><svg width=\"24\" height=\"24\" xmlns=\"http:\/\/www.w3.org\/2000\/svg\" viewBox=\"0 0 24 24\" aria-hidden=\"true\" focusable=\"false\"><path d=\"M4 7.5h16v1.5H4z\"><\/path><path d=\"M4 15h16v1.5H4z\"><\/path><\/svg><\/button>\n\t\t\t\t<div class=\"wp-block-navigation__responsive-container\"  id=\"modal-1\" \n\t\t\t\tdata-wp-class--has-modal-open=\"state.isMenuOpen\"\n\t\t\t\tdata-wp-class--is-menu-open=\"state.isMenuOpen\"\n\t\t\t\tdata-wp-watch=\"callbacks.initMenu\"\n\t\t\t\tdata-wp-on--keydown=\"actions.handleMenuKeydown\"\n\t\t\t\tdata-wp-on--focusout=\"actions.handleMenuFocusout\"\n\t\t\t\ttabindex=\"-1\"\n\t\t\t>\n\t\t\t\t\t<div class=\"wp-block-navigation__responsive-close\" tabindex=\"-1\">\n\t\t\t\t\t\t<div class=\"wp-block-navigation__responsive-dialog\" \n\t\t\t\tdata-wp-bind--aria-modal=\"state.ariaModal\"\n\t\t\t\tdata-wp-bind--aria-label=\"state.ariaLabel\"\n\t\t\t\tdata-wp-bind--role=\"state.roleAttribute\"\n\t\t\t>\n\t\t\t\t\t\t\t<button aria-label=\"Fermer le menu\" class=\"wp-block-navigation__responsive-container-close\" \n\t\t\t\tdata-wp-on--click=\"actions.closeMenuOnClick\"\n\t\t\t><svg xmlns=\"http:\/\/www.w3.org\/2000\/svg\" viewBox=\"0 0 24 24\" width=\"24\" height=\"24\" aria-hidden=\"true\" focusable=\"false\"><path d=\"m13.06 12 6.47-6.47-1.06-1.06L12 10.94 5.53 4.47 4.47 5.53 10.94 12l-6.47 6.47 1.06 1.06L12 13.06l6.47 6.47 1.06-1.06L13.06 12Z\"><\/path><\/svg><\/button>\n\t\t\t\t\t\t\t<div class=\"wp-block-navigation__responsive-container-content\" \n\t\t\t\tdata-wp-watch=\"callbacks.focusFirstElement\"\n\t\t\t id=\"modal-1-content\">\n\t\t\t\t\t\t\t\t<ul class=\"wp-block-navigation__container is-responsive wp-block-navigation\"><li class=\" wp-block-navigation-item wp-block-navigation-link\"><a class=\"wp-block-navigation-item__content\"  href=\"https:\/\/tresorsdanna.com\/\"><span class=\"wp-block-navigation-item__label\">boutique 2<\/span><\/a><\/li><li class=\" wp-block-navigation-item wp-block-navigation-link\"><a class=\"wp-block-navigation-item__content\"  href=\"https:\/\/tresorsdanna.com\/index.php\/mon-compte\/\"><span class=\"wp-block-navigation-item__label\">Mon compte<\/span><\/a><\/li><li class=\" wp-block-navigation-item wp-block-navigation-link\"><a class=\"wp-block-navigation-item__content\"  href=\"https:\/\/tresorsdanna.com\/index.php\/panier\/\"><span class=\"wp-block-navigation-item__label\">Panier<\/span><\/a><\/li><li class=\" wp-block-navigation-item wp-block-navigation-link\"><a class=\"wp-block-navigation-item__content\"  href=\"https:\/\/tresorsdanna.com\/index.php\/commander\/\"><span class=\"wp-block-navigation-item__label\">Validation de la commande<\/span><\/a><\/li><\/ul>\n\t\t\t\t\t\t\t<\/div>\n\t\t\t\t\t\t<\/div>\n\t\t\t\t\t<\/div>\n\t\t\t\t<\/div><\/nav>\n\n<div data-block-name=\"woocommerce\/product-categories\" class=\"wp-block-woocommerce-product-categories wc-block-product-categories is-list \" style=\"\"><ul class=\"wc-block-product-categories-list wc-block-product-categories-list--depth-0\">\t\t\t\t<li class=\"wc-block-product-categories-list-item\">\t\t\t\t\t<a style=\"\" href=\"https:\/\/tresorsdanna.com\/index.php\/categorie-produit\/non-classe\/\"><span class=\"wc-block-product-categories-list-item__name\">Non class\u00e9<\/span><\/a><span class=\"wc-block-product-categories-list-item-count\"><span aria-hidden=\"true\">11<\/span><span class=\"screen-reader-text\">11 produits<\/span><\/span>\t\t\t\t<\/li>\t\t\t\t\t\t\t<li class=\"wc-block-product-categories-list-item\">\t\t\t\t\t<a style=\"\" href=\"https:\/\/tresorsdanna.com\/index.php\/categorie-produit\/accessoires-hiver\/\"><span class=\"wc-block-product-categories-list-item__name\">Accessoires Hiver<\/span><\/a><span class=\"wc-block-product-categories-list-item-count\"><span aria-hidden=\"true\">44<\/span><span class=\"screen-reader-text\">44 produits<\/span><\/span>\t\t\t\t<\/li>\t\t\t\t\t\t\t<li class=\"wc-block-product-categories-list-item\">\t\t\t\t\t<a style=\"\" href=\"https:\/\/tresorsdanna.com\/index.php\/categorie-produit\/chaussures-enfants\/\"><span class=\"wc-block-product-categories-list-item__name\">Chaussures enfants<\/span><\/a><span class=\"wc-block-product-categories-list-item-count\"><span aria-hidden=\"true\">38<\/span><span class=\"screen-reader-text\">38 produits<\/span><\/span>\t\t\t\t<\/li>\t\t\t\t\t\t\t<li class=\"wc-block-product-categories-list-item\">\t\t\t\t\t<a style=\"\" href=\"https:\/\/tresorsdanna.com\/index.php\/categorie-produit\/chemise-garcons\/\"><span class=\"wc-block-product-categories-list-item__name\">chemise gar\u00e7ons<\/span><\/a><span class=\"wc-block-product-categories-list-item-count\"><span aria-hidden=\"true\">6<\/span><span class=\"screen-reader-text\">6 produits<\/span><\/span>\t\t\t\t<\/li>\t\t\t\t\t\t\t<li class=\"wc-block-product-categories-list-item\">\t\t\t\t\t<a style=\"\" href=\"https:\/\/tresorsdanna.com\/index.php\/categorie-produit\/doudounes-vestes-gilets\/\"><span class=\"wc-block-product-categories-list-item__name\">Doudounes \/ Vestes \/ Gilets<\/span><\/a><span class=\"wc-block-product-categories-list-item-count\"><span aria-hidden=\"true\">41<\/span><span class=\"screen-reader-text\">41 produits<\/span><\/span>\t\t\t\t<\/li>\t\t\t\t\t\t\t<li class=\"wc-block-product-categories-list-item\">\t\t\t\t\t<a style=\"\" href=\"https:\/\/tresorsdanna.com\/index.php\/categorie-produit\/haut-filles\/\"><span class=\"wc-block-product-categories-list-item__name\">Haut filles<\/span><\/a><span class=\"wc-block-product-categories-list-item-count\"><span aria-hidden=\"true\">31<\/span><span class=\"screen-reader-text\">31 produits<\/span><\/span>\t\t\t\t<\/li>\t\t\t\t\t\t\t<li class=\"wc-block-product-categories-list-item\">\t\t\t\t\t<a style=\"\" href=\"https:\/\/tresorsdanna.com\/index.php\/categorie-produit\/hauts-garcons\/\"><span class=\"wc-block-product-categories-list-item__name\">Hauts Gar\u00e7ons<\/span><\/a><span class=\"wc-block-product-categories-list-item-count\"><span aria-hidden=\"true\">18<\/span><span class=\"screen-reader-text\">18 produits<\/span><\/span>\t\t\t\t<\/li>\t\t\t\t\t\t\t<li class=\"wc-block-product-categories-list-item\">\t\t\t\t\t<a style=\"\" href=\"https:\/\/tresorsdanna.com\/index.php\/categorie-produit\/jupes-filles\/\"><span class=\"wc-block-product-categories-list-item__name\">Jupes filles<\/span><\/a><span class=\"wc-block-product-categories-list-item-count\"><span aria-hidden=\"true\">17<\/span><span class=\"screen-reader-text\">17 produits<\/span><\/span>\t\t\t\t<\/li>\t\t\t\t\t\t\t<li class=\"wc-block-product-categories-list-item\">\t\t\t\t\t<a style=\"\" href=\"https:\/\/tresorsdanna.com\/index.php\/categorie-produit\/pantalon-garcons\/\"><span class=\"wc-block-product-categories-list-item__name\">Pantalon Gar\u00e7ons<\/span><\/a><span class=\"wc-block-product-categories-list-item-count\"><span aria-hidden=\"true\">16<\/span><span class=\"screen-reader-text\">16 produits<\/span><\/span>\t\t\t\t<\/li>\t\t\t\t\t\t\t<li class=\"wc-block-product-categories-list-item\">\t\t\t\t\t<a style=\"\" href=\"https:\/\/tresorsdanna.com\/index.php\/categorie-produit\/pantalons-filles\/\"><span class=\"wc-block-product-categories-list-item__name\">pantalons filles<\/span><\/a><span class=\"wc-block-product-categories-list-item-count\"><span aria-hidden=\"true\">47<\/span><span class=\"screen-reader-text\">47 produits<\/span><\/span>\t\t\t\t<\/li>\t\t\t\t\t\t\t<li class=\"wc-block-product-categories-list-item\">\t\t\t\t\t<a style=\"\" href=\"https:\/\/tresorsdanna.com\/index.php\/categorie-produit\/pyjamas\/\"><span class=\"wc-block-product-categories-list-item__name\">pyjamas<\/span><\/a><span class=\"wc-block-product-categories-list-item-count\"><span aria-hidden=\"true\">12<\/span><span class=\"screen-reader-text\">12 produits<\/span><\/span>\t\t\t\t<\/li>\t\t\t\t\t\t\t<li class=\"wc-block-product-categories-list-item\">\t\t\t\t\t<a style=\"\" href=\"https:\/\/tresorsdanna.com\/index.php\/categorie-produit\/robes-filles\/\"><span class=\"wc-block-product-categories-list-item__name\">Robes filles<\/span><\/a><span class=\"wc-block-product-categories-list-item-count\"><span aria-hidden=\"true\">32<\/span><span class=\"screen-reader-text\">32 produits<\/span><\/span>\t\t\t\t<\/li>\t\t\t\t\t\t\t<li class=\"wc-block-product-categories-list-item\">\t\t\t\t\t<a style=\"\" href=\"https:\/\/tresorsdanna.com\/index.php\/categorie-produit\/sacs-et-cartables-enfants\/\"><span class=\"wc-block-product-categories-list-item__name\">sacs et cartables enfants<\/span><\/a><span class=\"wc-block-product-categories-list-item-count\"><span aria-hidden=\"true\">4<\/span><span class=\"screen-reader-text\">4 produits<\/span><\/span>\t\t\t\t<\/li>\t\t\t<\/ul><\/div>\n\n\n<p><\/p>\n","protected":false},"excerpt":{"rendered":"<p>D\u00e9couvrez notre s\u00e9lection de v\u00eatements et accessoires pour enfants de 0 \u00e0 14 ans soigneusement s\u00e9lectionnes pour leur qualit\u00e9, confort&#8230;<\/p>\n","protected":false},"author":1,"featured_media":0,"parent":0,"menu_order":0,"comment_status":"closed","ping_status":"closed","template":"","meta":{"footnotes":""},"class_list":["post-121","page","type-page","status-publish","hentry"],"jetpack_sharing_enabled":true,"post-meta":{"_edit_lock":["1763738217:1"],"_edit_last":["1"],"_wp_page_template":["default"],"_wp_desired_post_slug":["","__trashed-3"]},"_links":{"self":[{"href":"https:\/\/tresorsdanna.com\/index.php\/wp-json\/wp\/v2\/pages\/121","targetHints":{"allow":["GET"]}}],"collection":[{"href":"https:\/\/tresorsdanna.com\/index.php\/wp-json\/wp\/v2\/pages"}],"about":[{"href":"https:\/\/tresorsdanna.com\/index.php\/wp-json\/wp\/v2\/types\/page"}],"author":[{"embeddable":true,"href":"https:\/\/tresorsdanna.com\/index.php\/wp-json\/wp\/v2\/users\/1"}],"replies":[{"embeddable":true,"href":"https:\/\/tresorsdanna.com\/index.php\/wp-json\/wp\/v2\/comments?post=121"}],"version-history":[{"count":8,"href":"https:\/\/tresorsdanna.com\/index.php\/wp-json\/wp\/v2\/pages\/121\/revisions"}],"predecessor-version":[{"id":1348,"href":"https:\/\/tresorsdanna.com\/index.php\/wp-json\/wp\/v2\/pages\/121\/revisions\/1348"}],"wp:attachment":[{"href":"https:\/\/tresorsdanna.com\/index.php\/wp-json\/wp\/v2\/media?parent=121"}],"curies":[{"name":"wp","href":"https:\/\/api.w.org\/{rel}","templated":true}]}}